{"id":328,"date":"2008-03-26T21:28:52","date_gmt":"2008-03-26T20:28:52","guid":{"rendered":"http:\/\/willsagen.de\/?page_id=328"},"modified":"2018-04-20T08:41:07","modified_gmt":"2018-04-20T06:41:07","slug":"eingedrucktes","status":"publish","type":"page","link":"https:\/\/willsagen.de\/?page_id=328","title":{"rendered":"Impressum &#8211; Datenschutz"},"content":{"rendered":"<p style=\"margin-bottom: 0cm;\"><strong>Datenschutz<\/strong><\/p>\n<p style=\"margin-bottom: 0cm;\">Bei willsagen.de nehme ich den Schutz Ihrer pers\u00f6nlichen Daten ernst und halte mich an die Regeln der Datenschutzgesetze. Die nachfolgende Erkl\u00e4rung gibt einen \u00dcberblick dar\u00fcber, welche Art von Daten zu welchem Zweck erhoben werden und in welchem Umfang diese Daten Dritten zug\u00e4nglich gemacht werden.<\/p>\n<p style=\"margin-bottom: 0cm;\">Datenverarbeitung auf willsagen.de<\/p>\n<p style=\"margin-bottom: 0cm;\">In den unvermeidlichen Serverstatistiken werden automatisch solche Daten gespeichert, die Ihr Browser \u00fcbermittelt. Dies sind:<\/p>\n<p style=\"margin-bottom: 0cm;\">* Browsertyp\/ -version<\/p>\n<p style=\"margin-bottom: 0cm;\">* verwendetes Betriebssystem<\/p>\n<p style=\"margin-bottom: 0cm;\">* Referrer URL (die zuvor besuchte Seite)<\/p>\n<p style=\"margin-bottom: 0cm;\">* Hostname des zugreifenden Rechners (IP Adresse)<\/p>\n<p style=\"margin-bottom: 0cm;\">* Uhrzeit der Serveranfrage.<\/p>\n<p>* Webseite, von der der Besucher kommt.<\/p>\n<p style=\"margin-bottom: 0cm;\">Anhand dieser Daten kann ich Sie nicht einer bestimmten Personen zuordnen. Eine Zusammenf\u00fchrung dieser Daten mit anderen Datenquellen wird nicht vorgenommen, die Daten werden zudem sporadisch nach einer statistischen Auswertung gel\u00f6scht.<\/p>\n<p>Um sogenannte Avatare (kleine Userbildchen) einzublenden, greift willsagen.de auf Gravatar zur\u00fcck. Da findet also ein Datenaustausch statt.<\/p>\n<p>Grunds\u00e4tzlich empfehle ich allen, die im Internet surfen, Browser-Addons, die Tracking und Werbeeinblendungen (letztere gibt es bei mir nicht) verhindern. Tracking findet gewisserma\u00dfen durch das Abspeichern von Statistikdaten statt.<\/p>\n<p style=\"margin-bottom: 0cm;\"><strong>Cookies<\/strong><\/p>\n<p style=\"margin-bottom: 0cm;\">willsagen.de verwendet an einigen Stellen Stellen so genannte Cookies. Das liegt an wordpress und soll dazu dienen, das Angebot nutzerfreundlicher, effektiver und sicherer zu machen. Cookies sind kleine Textdateien, die auf Ihrem Rechner abgelegt werden und die Ihr Browser speichert. Diese Funktion habe nicht etwa ich mir ausgedacht. Sie ist ein v\u00f6llig \u00fcbliches Feature von Webbrowsern. So genannte \u201eSession-Cookies\u201c werden nach Ende Ihres Besuchs automatisch gel\u00f6scht. Cookies richten auf Ihrem Rechner keinen Schaden an und enthalten keine Viren.<\/p>\n<p style=\"margin-bottom: 0cm;\">Sie k\u00f6nnen das Speichern von Cookies verhindern, indem Sie dies in Deinen Browser-Einstellungen festlegst. Die meisten Browser akzeptieren Cookies nach den Standardeinstellungen automatisch. Sie k\u00f6nnen auch bereits angelegte Cookies mit Ihrem Browser selbst l\u00f6schen. Nat\u00fcrlich k\u00f6nnen Sie die Seiten auch ohne Cookies betrachten. Wenn Sie keine Cookies akzeptieren, kann dieses jedoch zu Funktionseinschr\u00e4nkungen des Angebotes f\u00fchren.<\/p>\n<p style=\"margin-bottom: 0cm;\"><strong>Kommentare, Emails<\/strong><\/p>\n<p style=\"margin-bottom: 0cm;\">Selbstverst\u00e4ndlich erfasse und speichere ich solche Informationen, die auf willsagen.de eingeben oder mir in sonstiger Weise \u00fcbermittelt werden. Das betrifft etwa Kommentare, Namen, Email-Adressen und URLs, die in die entsprechenden Kommentarfelder eintragen wurden. Diese Angaben geschehen freiwillig und werden in keiner Weise \u00fcberpr\u00fcft, die Verwendung von Pseudonymen etc. ist m\u00f6glich. Ich weise darauf hin, dass Name, angegebene Webseite und Kommentare f\u00fcr jeden Benutzer der Seite einzusehen sind. Die IP-Adresse des Kommentators wird ebenfalls gespeichert. Hier kann unter Umst\u00e4nden und nach der derzeitigen Rechtssprechung von Strafverfolgungsbeh\u00f6rden bei dringendem Tatverdacht die gespeicherte IP der Person, am ehesten zumindest einem bestimmten Computer, des Kommentators zugeordnet werden, wenn denn der vom Kommentator genutzte ISP die entsprechende Verkn\u00fcpfung zwischen IP und Person herstellen kann. Daten werden auch erfasst und gespeichert, wenn Sie Emails an mich senden.<\/p>\n<p style=\"margin-bottom: 0cm;\"><strong>Auskunftsrecht<\/strong><\/p>\n<p style=\"margin-bottom: 0cm;\">Ich werde Ihnen auf Anfrage gerne Auskunft \u00fcber die bei mir gespeicherten pers\u00f6nlichen Daten geben. Ich wei\u00df allerdings nicht mehr, als Sie auch. Dieses wenige Wissen teile ich im Rahmen der gesetzlichen Auskunftsanspr\u00fcche allerdings nochmals mit Ihnen. Ich hoffe, dass ich dazu technisch in der Lage bin. Wenn Sie weitere Fragen zur Behandlung Ihrer Daten haben, dann senden mir einfach eine Mail an meine Adresse. Ich mache darauf aufmerksam, dass ich die Identit\u00e4t eines Anfragenden nicht pr\u00fcfen kann.<\/p>\n<p><strong>Kontaktaufnahme:<\/strong><\/p>\n<p>Bislang hatte ich an dieser Stelle eine Grafik eingebunden, die meinen Namen und meine Adresse anzeigte. Die habe ich nun gel\u00f6scht. Es hat sich herausgestellt, dass sich eh alle \u00fcber den Datenschutz-Hinweis von Denic hinwegsetzen und sich die Informationen dort beschaffen.<\/p>\n<p style=\"margin-bottom: 0cm;\">Datenschutz soll nicht nur Lesern meines Blogs, sondern auch mir zuteil werden. F\u00fcr diese unbedeutenden Internetseiten, die mein reines Privatvergn\u00fcgen sind, muss ich mich nicht namentlich plakativ kenntlich machen.<\/p>\n<p style=\"margin-bottom: 0cm;\">Daher werde ich hier nur noch eine E-Mail-Adresse angeben, die einzig und allein zur Kontaktaufnahme dient. Diese E-Mail-Adresse wird von mir t\u00e4glich mehrmals abgerufen, es sei denn, ich bin im Urlaub. Dann lese ich aber auch keine Briefpost, so dass kein Reaktionsverzug durch E-Mail statt Brief\u00a0 entsteht.<\/p>\n<p style=\"margin-bottom: 0cm;\"><strong>ICH HABE KEIN INTERESSE AN PARTNERSCHAFTEN, BANNERN ODER SOWAS. ICH W\u00dcSSTE AUCH GAR NICHT, WIE, WO UND WARUM ICH SO EIN BANNER EINBAUEN SOLLTE. <\/strong><\/p>\n<p style=\"margin-bottom: 0cm;\"><strong>ICH SCHREIBE F\u00dcR NIEMANDEN GEKAUFTE ARTIKEL.<br \/>\nAUCH NICHT SOLCHE, DIE NOCH SO GUT IN MEIN BLOG PASSEN W\u00dcRDEN!<\/strong><\/p>\n<p style=\"margin-bottom: 0cm;\"><strong>WIRKLICH NICHT!!!11elf!!!<\/strong><\/p>\n<p style=\"margin-bottom: 0cm;\">Wer sich an mich wenden m\u00f6chte, kann eine E-Mail an <span style=\"text-decoration: underline;\">willwas \u00e4t willsagen.de<\/span> schicken. Diese Adresse dient nur dem alleinigen Zweck, wegen meines Blogs mit mir Kontakt aufzunehmen. \u00a0Jede andere Art der Kontaktaufnahme zeigt mir dementsprechend, dass jemand sich wohl auf andere Weise meine Kontaktdaten beschafft hat. Ich behalte mir dann vor, die Rechtm\u00e4\u00dfigkeit der Denic-Auskunft zu pr\u00fcfen. Ich bin rechtsschutzversichert.<\/p>\n","protected":false},"excerpt":{"rendered":"<p>Datenschutz Bei willsagen.de nehme ich den Schutz Ihrer pers\u00f6nlichen Daten ernst und halte mich an die Regeln der Datenschutzgesetze. Die nachfolgende Erkl\u00e4rung gibt einen \u00dcberblick dar\u00fcber, welche Art von Daten zu welchem Zweck erhoben werden und in welchem Umfang diese Daten Dritten zug\u00e4nglich gemacht werden. Datenverarbeitung auf willsagen.de In den unvermeidlichen Serverstatistiken werden automatisch solche [&hellip;]<\/p>\n","protected":false},"author":1,"featured_media":0,"parent":0,"menu_order":0,"comment_status":"closed","ping_status":"closed","template":"","meta":{"footnotes":""},"class_list":["post-328","page","type-page","status-publish","hentry"],"_links":{"self":[{"href":"https:\/\/willsagen.de\/index.php?rest_route=\/wp\/v2\/pages\/328","targetHints":{"allow":["GET"]}}],"collection":[{"href":"https:\/\/willsagen.de\/index.php?rest_route=\/wp\/v2\/pages"}],"about":[{"href":"https:\/\/willsagen.de\/index.php?rest_route=\/wp\/v2\/types\/page"}],"author":[{"embeddable":true,"href":"https:\/\/willsagen.de\/index.php?rest_route=\/wp\/v2\/users\/1"}],"replies":[{"embeddable":true,"href":"https:\/\/willsagen.de\/index.php?rest_route=%2Fwp%2Fv2%2Fcomments&post=328"}],"version-history":[{"count":3,"href":"https:\/\/willsagen.de\/index.php?rest_route=\/wp\/v2\/pages\/328\/revisions"}],"predecessor-version":[{"id":6447,"href":"https:\/\/willsagen.de\/index.php?rest_route=\/wp\/v2\/pages\/328\/revisions\/6447"}],"wp:attachment":[{"href":"https:\/\/willsagen.de\/index.php?rest_route=%2Fwp%2Fv2%2Fmedia&parent=328"}],"curies":[{"name":"wp","href":"https:\/\/api.w.org\/{rel}","templated":true}]}}