{"id":44,"date":"2006-08-19T09:32:49","date_gmt":"2006-08-19T07:32:49","guid":{"rendered":"http:\/\/willsagen.de\/?page_id=44"},"modified":"2006-08-19T09:32:49","modified_gmt":"2006-08-19T07:32:49","slug":"turen-montieren-eine-geschichte-voller-missverstandnisse","status":"publish","type":"page","link":"https:\/\/willsagen.de\/?page_id=44","title":{"rendered":"Fiat 500: T\u00fcren montieren &#8211; Eine Geschichte voller Missverst\u00e4ndnisse"},"content":{"rendered":"<p>\u00a9 2006<\/p>\n<p>Schon mal beim 500er die T\u00fcren auseinander- und wieder zusammengebaut? Nein? Dann wirds Zeit. Eines der letzten gro\u00dfen Abenteuer wartet auf dich&#8230;<\/p>\n<p>Ich hab mal den Zusammenbau beschrieben, weil das ja irgendwie interessanter als das Auseinanderrupfen ist. Hier geht es zwar um Selbstm\u00f6rdert\u00fcren, aber grunds\u00e4tzlich geht das bei den normalen T\u00fcren genauso.<\/p>\n<p>Es beginnt damit, dass wir die Kurbelscheibe in die T\u00fcr legen\/stellen\/setzen.<\/p>\n<p><a title=\"Photo Sharing\" href=\"http:\/\/www.flickr.com\/photos\/mompl\/218646665\/\"><img loading=\"lazy\" decoding=\"async\" src=\"http:\/\/static.flickr.com\/60\/218646665_7e32c3e9ac_m.jpg\" alt=\"Kombi_59\" width=\"240\" height=\"180\" \/><\/a><\/p>\n<p>Als n\u00e4chstes kommen diese kleinen Alu-R\u00e4hmchen dran, die es leider nur noch in bemitleidenswerter &#8222;Qualit\u00e4t&#8220; gibt. Aber besser als keine, oder?<\/p>\n<p><a title=\"Photo Sharing\" href=\"http:\/\/www.flickr.com\/photos\/mompl\/218646881\/\"><img loading=\"lazy\" decoding=\"async\" src=\"http:\/\/static.flickr.com\/64\/218646881_39d3490cdd_m.jpg\" alt=\"Kombi_60\" width=\"240\" height=\"180\" \/><\/a><\/p>\n<p>Die, die ich bekomme habe, waren eigentlich nicht weit genug zusammen gebogen. Darum h\u00e4tte ich mir die Klammern, die auf die T\u00fcrkanten gesteckt werden, auch schenken k\u00f6nnen. Wenn man zuvor die Alurahmen mit den Fingern (nein, keine Zange oder irgendwas anderes!) bis auf einen Spalt von 2mm zusammendr\u00fcckt, was problemlos geht, dann machen auch die Klammern wieder Sinn und alles sieht wunderbar aus.<\/p>\n<p><a title=\"Photo Sharing\" href=\"http:\/\/www.flickr.com\/photos\/mompl\/218647138\/\"><img loading=\"lazy\" decoding=\"async\" src=\"http:\/\/static.flickr.com\/81\/218647138_7f6097e887_m.jpg\" alt=\"Kombi_61\" width=\"240\" height=\"180\" \/><\/a><\/p>\n<p>Wenn die Rahmen aufgesteckt sind, wird als n\u00e4chstes das Dreiecksfenster eingesetzt. Das Fenster am besten \u00f6ffnen, weil der Rahmen dann elastischer ist. Der untere Stummel des Rahmens wird in den Fensterschacht eingesetzt. Es kann nicht schaden, wenn man den Rahmen des Dreiecksfenster vorn ein bisschen einfettet, weil er nun in seine richtige Montageposition gedreht werden muss. Dabei wird dann der hintere Rahmen des Dreiecksfenster \u00fcber die vordere obere Ecke der Kurbelscheibe gedreht. Darum muss das Kurbelfenster schon in der sp\u00e4ter tiefsten Position stehen (nicht irgendwie schief im Fensterschacht oder so).<\/p>\n<p><a title=\"Photo Sharing\" href=\"http:\/\/www.flickr.com\/photos\/mompl\/218647347\/\"><img loading=\"lazy\" decoding=\"async\" src=\"http:\/\/static.flickr.com\/93\/218647347_ff0a3ebe70_m.jpg\" alt=\"Kombi_62\" width=\"240\" height=\"180\" \/><\/a><\/p>\n<p>Dabei werden vermutlich die Filzdichtungen im Fensterschacht verbogen werden. Die muss man sp\u00e4ter wieder gerade biegen, wenn es nicht anders geht.<\/p>\n<p><a title=\"Photo Sharing\" href=\"http:\/\/www.flickr.com\/photos\/mompl\/218647553\/\"><img loading=\"lazy\" decoding=\"async\" src=\"http:\/\/static.flickr.com\/82\/218647553_0c0af4af31_m.jpg\" alt=\"Kombi_63\" width=\"240\" height=\"180\" \/><\/a><\/p>\n<p>Dann schieben wir das Kurbelfenster hoch und setzen die vordere F\u00fchrungsschiene ein. Die wird von unten in die hintere Strebe des Dreiecksfensters geschoben. Als n\u00e4chstes kommt der Kurbelapparat. Den kann man gut in der abgebildeten Position einbauen. Beim F\/L\/R sieht der \u00fcbrigens anders aus. Die Montage ist aber im Prinzip gleich.<\/p>\n<p><a title=\"Photo Sharing\" href=\"http:\/\/www.flickr.com\/photos\/mompl\/218647837\/\"><img loading=\"lazy\" decoding=\"async\" src=\"http:\/\/static.flickr.com\/75\/218647837_4c9e5108f8_m.jpg\" alt=\"Kombi_64\" width=\"240\" height=\"180\" \/><\/a><\/p>\n<p>Schlie\u00dflich wird noch die Fensterf\u00fchrung oben\/hinten durch Runterdrehen der Scheibe eingezogen und mit Pattex eingeklebt und das Dreiecksfenster vom T\u00fcrrahmen her angeschraubt. Fertig. Mal abgesehen vom Rest&#8230; Griff, Verkleidung usw. \ud83d\ude09<br \/>\nEs kann sein, dass die Kurbelscheibe relativ eng sitzt, so dass man die Scheibenf\u00fchrung sp\u00e4ter nicht mehr in den Schacht bekommt (wobei das eigentlich klappt, wenn man sie durch Runterdrehen\/schieben mit der Kurbelscheibe nach unten ziehen l\u00e4sst).<br \/>\nMan kann die Scheibenf\u00fchrung aber auch vorher einsetzen. Dann darf man sie oben aber noch nicht festkleben, sondern musst sie seitlich aus der Fenster\u00f6ffnung rausbaumeln lassen. Sonst kannt man das Dreiecksfenster nicht einbauen.<\/p>\n<p><a title=\"Photo Sharing\" href=\"http:\/\/www.flickr.com\/photos\/mompl\/218648076\/\"><img loading=\"lazy\" decoding=\"async\" src=\"http:\/\/static.flickr.com\/88\/218648076_1b8d64cd2e_m.jpg\" alt=\"Kombi_65\" width=\"240\" height=\"180\" \/><\/a><\/p>\n<p>Achja, die Fotos kann man &#8222;gro\u00dfklicken&#8220;. \ud83d\ude42<\/p>\n","protected":false},"excerpt":{"rendered":"<p>\u00a9 2006 Schon mal beim 500er die T\u00fcren auseinander- und wieder zusammengebaut? Nein? Dann wirds Zeit. Eines der letzten gro\u00dfen Abenteuer wartet auf dich&#8230; Ich hab mal den Zusammenbau beschrieben, weil das ja irgendwie interessanter als das Auseinanderrupfen ist. Hier geht es zwar um Selbstm\u00f6rdert\u00fcren, aber grunds\u00e4tzlich geht das bei den normalen T\u00fcren genauso. Es [&hellip;]<\/p>\n","protected":false},"author":1,"featured_media":0,"parent":0,"menu_order":0,"comment_status":"open","ping_status":"open","template":"","meta":{"footnotes":""},"class_list":["post-44","page","type-page","status-publish","hentry"],"_links":{"self":[{"href":"https:\/\/willsagen.de\/index.php?rest_route=\/wp\/v2\/pages\/44","targetHints":{"allow":["GET"]}}],"collection":[{"href":"https:\/\/willsagen.de\/index.php?rest_route=\/wp\/v2\/pages"}],"about":[{"href":"https:\/\/willsagen.de\/index.php?rest_route=\/wp\/v2\/types\/page"}],"author":[{"embeddable":true,"href":"https:\/\/willsagen.de\/index.php?rest_route=\/wp\/v2\/users\/1"}],"replies":[{"embeddable":true,"href":"https:\/\/willsagen.de\/index.php?rest_route=%2Fwp%2Fv2%2Fcomments&post=44"}],"version-history":[{"count":0,"href":"https:\/\/willsagen.de\/index.php?rest_route=\/wp\/v2\/pages\/44\/revisions"}],"wp:attachment":[{"href":"https:\/\/willsagen.de\/index.php?rest_route=%2Fwp%2Fv2%2Fmedia&parent=44"}],"curies":[{"name":"wp","href":"https:\/\/api.w.org\/{rel}","templated":true}]}}